{"id":700,"date":"2026-01-27T12:49:37","date_gmt":"2026-01-27T12:49:37","guid":{"rendered":"https:\/\/test.tourenschmiede.ch\/?page_id=700"},"modified":"2026-01-30T15:38:54","modified_gmt":"2026-01-30T15:38:54","slug":"agbs","status":"publish","type":"page","link":"https:\/\/www.tourenschmiede.ch\/?page_id=700","title":{"rendered":"AGB`s, Annulation und Honorar"},"content":{"rendered":"\n<p class=\"has-text-align-center\"><strong> Honorar<\/strong>:<\/p>\n\n\n\n<p class=\"has-text-align-center\">Das Tageshonorar betr\u00e4gt 750.- pro Tag<br>Diese Pauschale kann nach oben oder unten angepasst werden, je nach Dauer des Engagements, L\u00e4nge der Tour, Schwierigkeitsgrad, den Begleitumst\u00e4nden und Teilnehmerzahl.<br>S\u00e4mtliche Spesen gehen zulasten des Kunden.<\/p>\n\n\n\n<p class=\"has-text-align-center\"><strong>R\u00fccktritt\/Annulation:<\/strong><br>Absage durch den Gast<br>Sagt der Gast ab, so hat er die anfallenden Annullationskosten vollumf\u00e4nglich zu \u00fcbernehmen (Transportmittel, Unterkunft etc.) und das Honorar im folgenden Umfang zu bezahlen:<br>\u2013 bei Absage 60 bis 31 Tage vor Beginn der vereinbarten Aktivit\u00e4t 20 % des Honorars;<br>\u2013 bei Absage 30 bis 15 Tage vor Beginn der vereinbarten Aktivit\u00e4t 50 % des Honorars;<br>\u2013 bei Absage 14 oder weniger Tage vor Beginn der vereinbarten Aktivit\u00e4t 100 % des Honorars<\/p>\n\n\n\n<p class=\"has-text-align-center\"><strong>AGB`s<\/strong> <strong>Schweizer Bergf\u00fchrerverband<\/strong><\/p>\n\n\n\n<p class=\"has-text-align-center\"><a href=\"https:\/\/sbv-asgm.ch\/tarife-avb\/#avb-auftragsbestaetigung\" target=\"_blank\" rel=\"noreferrer noopener\">https:\/\/sbv-asgm.ch\/tarife-avb\/#avb-auftragsbestaetigung<\/a><\/p>\n\n\n\n<figure class=\"wp-block-image size-large\"><img loading=\"lazy\" decoding=\"async\" width=\"1024\" height=\"479\" src=\"https:\/\/www.tourenschmiede.ch\/wp-content\/uploads\/2026\/01\/cropped-IMG_5659-1024x479.jpg\" alt=\"\" class=\"wp-image-683\" srcset=\"https:\/\/www.tourenschmiede.ch\/wp-content\/uploads\/2026\/01\/cropped-IMG_5659-1024x479.jpg 1024w, https:\/\/www.tourenschmiede.ch\/wp-content\/uploads\/2026\/01\/cropped-IMG_5659-300x140.jpg 300w, https:\/\/www.tourenschmiede.ch\/wp-content\/uploads\/2026\/01\/cropped-IMG_5659-768x359.jpg 768w, https:\/\/www.tourenschmiede.ch\/wp-content\/uploads\/2026\/01\/cropped-IMG_5659-1536x718.jpg 1536w, https:\/\/www.tourenschmiede.ch\/wp-content\/uploads\/2026\/01\/cropped-IMG_5659.jpg 2000w\" sizes=\"auto, (max-width: 1024px) 100vw, 1024px\" \/><\/figure>\n\n\n\n<p><\/p>\n\n\n\n<p><\/p>\n","protected":false},"excerpt":{"rendered":"<p>Honorar: Das Tageshonorar betr\u00e4gt 750.- pro TagDiese Pauschale kann nach oben oder unten angepasst werden, je nach Dauer des Engagements, L\u00e4nge der Tour, Schwierigkeitsgrad, den Begleitumst\u00e4nden und Teilnehmerzahl.S\u00e4mtliche Spesen gehen zulasten des Kunden. R\u00fccktritt\/Annulation:Absage durch&hellip;<\/p>\n","protected":false},"author":2,"featured_media":0,"parent":0,"menu_order":0,"comment_status":"closed","ping_status":"closed","template":"","meta":{"footnotes":""},"class_list":["post-700","page","type-page","status-publish","hentry"],"_links":{"self":[{"href":"https:\/\/www.tourenschmiede.ch\/index.php?rest_route=\/wp\/v2\/pages\/700","targetHints":{"allow":["GET"]}}],"collection":[{"href":"https:\/\/www.tourenschmiede.ch\/index.php?rest_route=\/wp\/v2\/pages"}],"about":[{"href":"https:\/\/www.tourenschmiede.ch\/index.php?rest_route=\/wp\/v2\/types\/page"}],"author":[{"embeddable":true,"href":"https:\/\/www.tourenschmiede.ch\/index.php?rest_route=\/wp\/v2\/users\/2"}],"replies":[{"embeddable":true,"href":"https:\/\/www.tourenschmiede.ch\/index.php?rest_route=%2Fwp%2Fv2%2Fcomments&post=700"}],"version-history":[{"count":13,"href":"https:\/\/www.tourenschmiede.ch\/index.php?rest_route=\/wp\/v2\/pages\/700\/revisions"}],"predecessor-version":[{"id":839,"href":"https:\/\/www.tourenschmiede.ch\/index.php?rest_route=\/wp\/v2\/pages\/700\/revisions\/839"}],"wp:attachment":[{"href":"https:\/\/www.tourenschmiede.ch\/index.php?rest_route=%2Fwp%2Fv2%2Fmedia&parent=700"}],"curies":[{"name":"wp","href":"https:\/\/api.w.org\/{rel}","templated":true}]}}