{"id":851,"date":"2026-02-26T12:55:09","date_gmt":"2026-02-26T12:55:09","guid":{"rendered":"https:\/\/www.tourenschmiede.ch\/?page_id=851"},"modified":"2026-03-23T07:17:37","modified_gmt":"2026-03-23T07:17:37","slug":"kristallanhaenger","status":"publish","type":"page","link":"https:\/\/www.tourenschmiede.ch\/?page_id=851","title":{"rendered":"Kristallanh\u00e4nger-Verkauf"},"content":{"rendered":"\n<p>Mail an mich mit der Nr. des Anh\u00e4ngers, auf Anfrage habe ich nat\u00fcrlich auch noch andere Kristalle.<\/p>\n\n\n\n<p>Preis: 57.- pro St\u00fcck inkl. Versand<\/p>\n\n\n\n<p>Kordel: Kautschuk oder Baumwollband frei w\u00e4hlbar<\/p>\n\n\n\n<p>Alle Kristalle stammen aus den Schweizer Alpen. Das Kristallende ist von Hand geschliffen und angefast, damit der Kristall nicht kratzt auf der Haut. <\/p>\n\n\n<style>.wp-block-kadence-advancedgallery .kb-gallery-type-masonry.kb-gallery-id-851_e50a94-2d{margin:-5px;}.kb-gallery-type-masonry.kb-gallery-id-851_e50a94-2d .kadence-blocks-gallery-item{padding:5px;}.kb-gallery-id-851_e50a94-2d .kadence-blocks-gallery-item .kb-gal-image-radius, .kb-gallery-id-851_e50a94-2d .kb-slide-item .kb-gal-image-radius img{border-radius:0px 0px 0px 0px;;}<\/style><div class=\"kb-gallery-wrap-id-851_e50a94-2d alignnone wp-block-kadence-advancedgallery\"><ul class=\"kb-gallery-ul kb-gallery-non-static kb-gallery-type-masonry kb-masonry-init kb-gallery-id-851_e50a94-2d kb-gallery-caption-style-bottom-hover kb-gallery-filter-none\" data-image-filter=\"none\" data-item-selector=\".kadence-blocks-gallery-item\" data-lightbox-caption=\"true\" data-columns-xxl=\"3\" data-columns-xl=\"3\" data-columns-md=\"3\" data-columns-sm=\"2\" data-columns-xs=\"1\" data-columns-ss=\"1\"><li class=\"kadence-blocks-gallery-item\"><div class=\"kadence-blocks-gallery-item-inner\"><figure class=\"kb-gallery-figure kadence-blocks-gallery-item-hide-caption\"><div class=\"kb-gal-image-radius\" style=\"max-width:768px;\"><div class=\"kb-gallery-image-contain kadence-blocks-gallery-intrinsic\" style=\"padding-bottom:133%;\"><img loading=\"lazy\" decoding=\"async\" src=\"https:\/\/www.tourenschmiede.ch\/wp-content\/uploads\/2026\/02\/IMG_20241202_151434_HDR-768x1024.jpg\" width=\"768\" height=\"1024\" alt=\"\" data-full-image=\"https:\/\/www.tourenschmiede.ch\/wp-content\/uploads\/2026\/02\/IMG_20241202_151434_HDR-rotated.jpg\" data-light-image=\"https:\/\/www.tourenschmiede.ch\/wp-content\/uploads\/2026\/02\/IMG_20241202_151434_HDR-rotated.jpg\" data-id=\"862\" class=\"wp-image-862\" srcset=\"https:\/\/www.tourenschmiede.ch\/wp-content\/uploads\/2026\/02\/IMG_20241202_151434_HDR-768x1024.jpg 768w, https:\/\/www.tourenschmiede.ch\/wp-content\/uploads\/2026\/02\/IMG_20241202_151434_HDR-225x300.jpg 225w, https:\/\/www.tourenschmiede.ch\/wp-content\/uploads\/2026\/02\/IMG_20241202_151434_HDR-1152x1536.jpg 1152w, https:\/\/www.tourenschmiede.ch\/wp-content\/uploads\/2026\/02\/IMG_20241202_151434_HDR-rotated.jpg 1200w\" sizes=\"auto, (max-width: 768px) 100vw, 768px\" \/><\/div><\/div><\/figure><\/div><\/li><li class=\"kadence-blocks-gallery-item\"><div class=\"kadence-blocks-gallery-item-inner\"><figure class=\"kb-gallery-figure kadence-blocks-gallery-item-hide-caption\"><div class=\"kb-gal-image-radius\" style=\"max-width:768px;\"><div class=\"kb-gallery-image-contain kadence-blocks-gallery-intrinsic\" style=\"padding-bottom:133%;\"><img loading=\"lazy\" decoding=\"async\" src=\"https:\/\/www.tourenschmiede.ch\/wp-content\/uploads\/2026\/02\/IMG_20241202_151130_HDR-768x1024.jpg\" width=\"768\" height=\"1024\" alt=\"\" data-full-image=\"https:\/\/www.tourenschmiede.ch\/wp-content\/uploads\/2026\/02\/IMG_20241202_151130_HDR-rotated.jpg\" data-light-image=\"https:\/\/www.tourenschmiede.ch\/wp-content\/uploads\/2026\/02\/IMG_20241202_151130_HDR-rotated.jpg\" data-id=\"861\" class=\"wp-image-861\" srcset=\"https:\/\/www.tourenschmiede.ch\/wp-content\/uploads\/2026\/02\/IMG_20241202_151130_HDR-768x1024.jpg 768w, https:\/\/www.tourenschmiede.ch\/wp-content\/uploads\/2026\/02\/IMG_20241202_151130_HDR-225x300.jpg 225w, https:\/\/www.tourenschmiede.ch\/wp-content\/uploads\/2026\/02\/IMG_20241202_151130_HDR-1152x1536.jpg 1152w, https:\/\/www.tourenschmiede.ch\/wp-content\/uploads\/2026\/02\/IMG_20241202_151130_HDR-rotated.jpg 1200w\" sizes=\"auto, (max-width: 768px) 100vw, 768px\" \/><\/div><\/div><\/figure><\/div><\/li><li class=\"kadence-blocks-gallery-item\"><div class=\"kadence-blocks-gallery-item-inner\"><figure class=\"kb-gallery-figure kadence-blocks-gallery-item-hide-caption\"><div class=\"kb-gal-image-radius\" style=\"max-width:768px;\"><div class=\"kb-gallery-image-contain kadence-blocks-gallery-intrinsic\" style=\"padding-bottom:133%;\"><img loading=\"lazy\" decoding=\"async\" src=\"https:\/\/www.tourenschmiede.ch\/wp-content\/uploads\/2026\/01\/IMG_20250824_160908-768x1024.jpg\" width=\"768\" height=\"1024\" alt=\"\" data-full-image=\"https:\/\/www.tourenschmiede.ch\/wp-content\/uploads\/2026\/01\/IMG_20250824_160908-rotated.jpg\" data-light-image=\"https:\/\/www.tourenschmiede.ch\/wp-content\/uploads\/2026\/01\/IMG_20250824_160908-rotated.jpg\" data-id=\"771\" class=\"wp-image-771\" srcset=\"https:\/\/www.tourenschmiede.ch\/wp-content\/uploads\/2026\/01\/IMG_20250824_160908-768x1024.jpg 768w, https:\/\/www.tourenschmiede.ch\/wp-content\/uploads\/2026\/01\/IMG_20250824_160908-225x300.jpg 225w, https:\/\/www.tourenschmiede.ch\/wp-content\/uploads\/2026\/01\/IMG_20250824_160908-1152x1536.jpg 1152w, https:\/\/www.tourenschmiede.ch\/wp-content\/uploads\/2026\/01\/IMG_20250824_160908-rotated.jpg 1300w\" sizes=\"auto, (max-width: 768px) 100vw, 768px\" \/><\/div><\/div><\/figure><\/div><\/li><\/ul><\/div>\n\n\n<figure class=\"wp-block-gallery has-nested-images columns-default is-cropped wp-block-gallery-1 is-layout-flex wp-block-gallery-is-layout-flex\">\n<figure class=\"wp-block-image size-large\"><img loading=\"lazy\" decoding=\"async\" width=\"1024\" height=\"683\" data-id=\"868\" src=\"https:\/\/www.tourenschmiede.ch\/wp-content\/uploads\/2026\/03\/612A4149-1024x683.jpg\" alt=\"\" class=\"wp-image-868\" srcset=\"https:\/\/www.tourenschmiede.ch\/wp-content\/uploads\/2026\/03\/612A4149-1024x683.jpg 1024w, https:\/\/www.tourenschmiede.ch\/wp-content\/uploads\/2026\/03\/612A4149-300x200.jpg 300w, https:\/\/www.tourenschmiede.ch\/wp-content\/uploads\/2026\/03\/612A4149-768x512.jpg 768w, https:\/\/www.tourenschmiede.ch\/wp-content\/uploads\/2026\/03\/612A4149.jpg 1200w\" sizes=\"auto, (max-width: 1024px) 100vw, 1024px\" \/><figcaption class=\"wp-element-caption\">Nr.1<\/figcaption><\/figure>\n\n\n\n<figure class=\"wp-block-image size-large\"><img loading=\"lazy\" decoding=\"async\" width=\"1024\" height=\"683\" data-id=\"869\" src=\"https:\/\/www.tourenschmiede.ch\/wp-content\/uploads\/2026\/03\/612A4151-1024x683.jpg\" alt=\"\" class=\"wp-image-869\" srcset=\"https:\/\/www.tourenschmiede.ch\/wp-content\/uploads\/2026\/03\/612A4151-1024x683.jpg 1024w, https:\/\/www.tourenschmiede.ch\/wp-content\/uploads\/2026\/03\/612A4151-300x200.jpg 300w, https:\/\/www.tourenschmiede.ch\/wp-content\/uploads\/2026\/03\/612A4151-768x512.jpg 768w, https:\/\/www.tourenschmiede.ch\/wp-content\/uploads\/2026\/03\/612A4151.jpg 1200w\" sizes=\"auto, (max-width: 1024px) 100vw, 1024px\" \/><figcaption class=\"wp-element-caption\">Nr.2<\/figcaption><\/figure>\n\n\n\n<figure class=\"wp-block-image size-large\"><img loading=\"lazy\" decoding=\"async\" width=\"1024\" height=\"683\" data-id=\"870\" src=\"https:\/\/www.tourenschmiede.ch\/wp-content\/uploads\/2026\/03\/612A4152-1024x683.jpg\" alt=\"\" class=\"wp-image-870\" srcset=\"https:\/\/www.tourenschmiede.ch\/wp-content\/uploads\/2026\/03\/612A4152-1024x683.jpg 1024w, https:\/\/www.tourenschmiede.ch\/wp-content\/uploads\/2026\/03\/612A4152-300x200.jpg 300w, https:\/\/www.tourenschmiede.ch\/wp-content\/uploads\/2026\/03\/612A4152-768x512.jpg 768w, https:\/\/www.tourenschmiede.ch\/wp-content\/uploads\/2026\/03\/612A4152.jpg 1200w\" sizes=\"auto, (max-width: 1024px) 100vw, 1024px\" \/><figcaption class=\"wp-element-caption\">Nr.3<\/figcaption><\/figure>\n\n\n\n<figure class=\"wp-block-image size-large\"><img loading=\"lazy\" decoding=\"async\" width=\"1024\" height=\"683\" data-id=\"876\" src=\"https:\/\/www.tourenschmiede.ch\/wp-content\/uploads\/2026\/03\/612A4163-1024x683.jpg\" alt=\"\" class=\"wp-image-876\" srcset=\"https:\/\/www.tourenschmiede.ch\/wp-content\/uploads\/2026\/03\/612A4163-1024x683.jpg 1024w, https:\/\/www.tourenschmiede.ch\/wp-content\/uploads\/2026\/03\/612A4163-300x200.jpg 300w, https:\/\/www.tourenschmiede.ch\/wp-content\/uploads\/2026\/03\/612A4163-768x512.jpg 768w, https:\/\/www.tourenschmiede.ch\/wp-content\/uploads\/2026\/03\/612A4163.jpg 1200w\" sizes=\"auto, (max-width: 1024px) 100vw, 1024px\" \/><figcaption class=\"wp-element-caption\">Nr.4<\/figcaption><\/figure>\n\n\n\n<figure class=\"wp-block-image size-large\"><img loading=\"lazy\" decoding=\"async\" width=\"1024\" height=\"683\" data-id=\"875\" src=\"https:\/\/www.tourenschmiede.ch\/wp-content\/uploads\/2026\/03\/612A4160-1024x683.jpg\" alt=\"\" class=\"wp-image-875\" srcset=\"https:\/\/www.tourenschmiede.ch\/wp-content\/uploads\/2026\/03\/612A4160-1024x683.jpg 1024w, https:\/\/www.tourenschmiede.ch\/wp-content\/uploads\/2026\/03\/612A4160-300x200.jpg 300w, https:\/\/www.tourenschmiede.ch\/wp-content\/uploads\/2026\/03\/612A4160-768x512.jpg 768w, https:\/\/www.tourenschmiede.ch\/wp-content\/uploads\/2026\/03\/612A4160.jpg 1200w\" sizes=\"auto, (max-width: 1024px) 100vw, 1024px\" \/><figcaption class=\"wp-element-caption\">Nr.5<\/figcaption><\/figure>\n\n\n\n<figure class=\"wp-block-image size-large\"><img loading=\"lazy\" decoding=\"async\" width=\"1024\" height=\"683\" data-id=\"874\" src=\"https:\/\/www.tourenschmiede.ch\/wp-content\/uploads\/2026\/03\/612A4158-1024x683.jpg\" alt=\"\" class=\"wp-image-874\" srcset=\"https:\/\/www.tourenschmiede.ch\/wp-content\/uploads\/2026\/03\/612A4158-1024x683.jpg 1024w, https:\/\/www.tourenschmiede.ch\/wp-content\/uploads\/2026\/03\/612A4158-300x200.jpg 300w, https:\/\/www.tourenschmiede.ch\/wp-content\/uploads\/2026\/03\/612A4158-768x512.jpg 768w, https:\/\/www.tourenschmiede.ch\/wp-content\/uploads\/2026\/03\/612A4158.jpg 1200w\" sizes=\"auto, (max-width: 1024px) 100vw, 1024px\" \/><figcaption class=\"wp-element-caption\">Nr.6<\/figcaption><\/figure>\n\n\n\n<figure class=\"wp-block-image size-large\"><img loading=\"lazy\" decoding=\"async\" width=\"1024\" height=\"683\" data-id=\"873\" src=\"https:\/\/www.tourenschmiede.ch\/wp-content\/uploads\/2026\/03\/612A4157-1024x683.jpg\" alt=\"\" class=\"wp-image-873\" srcset=\"https:\/\/www.tourenschmiede.ch\/wp-content\/uploads\/2026\/03\/612A4157-1024x683.jpg 1024w, https:\/\/www.tourenschmiede.ch\/wp-content\/uploads\/2026\/03\/612A4157-300x200.jpg 300w, https:\/\/www.tourenschmiede.ch\/wp-content\/uploads\/2026\/03\/612A4157-768x512.jpg 768w, https:\/\/www.tourenschmiede.ch\/wp-content\/uploads\/2026\/03\/612A4157.jpg 1200w\" sizes=\"auto, (max-width: 1024px) 100vw, 1024px\" \/><figcaption class=\"wp-element-caption\">Nr.7<\/figcaption><\/figure>\n\n\n\n<figure class=\"wp-block-image size-large\"><img loading=\"lazy\" decoding=\"async\" width=\"1024\" height=\"683\" data-id=\"872\" src=\"https:\/\/www.tourenschmiede.ch\/wp-content\/uploads\/2026\/03\/612A4156-1024x683.jpg\" alt=\"\" class=\"wp-image-872\" srcset=\"https:\/\/www.tourenschmiede.ch\/wp-content\/uploads\/2026\/03\/612A4156-1024x683.jpg 1024w, https:\/\/www.tourenschmiede.ch\/wp-content\/uploads\/2026\/03\/612A4156-300x200.jpg 300w, https:\/\/www.tourenschmiede.ch\/wp-content\/uploads\/2026\/03\/612A4156-768x512.jpg 768w, https:\/\/www.tourenschmiede.ch\/wp-content\/uploads\/2026\/03\/612A4156.jpg 1200w\" sizes=\"auto, (max-width: 1024px) 100vw, 1024px\" \/><figcaption class=\"wp-element-caption\">Nr.8<\/figcaption><\/figure>\n\n\n\n<figure class=\"wp-block-image size-large\"><img loading=\"lazy\" decoding=\"async\" width=\"1024\" height=\"683\" data-id=\"871\" src=\"https:\/\/www.tourenschmiede.ch\/wp-content\/uploads\/2026\/03\/612A4154-1024x683.jpg\" alt=\"\" class=\"wp-image-871\" srcset=\"https:\/\/www.tourenschmiede.ch\/wp-content\/uploads\/2026\/03\/612A4154-1024x683.jpg 1024w, https:\/\/www.tourenschmiede.ch\/wp-content\/uploads\/2026\/03\/612A4154-300x200.jpg 300w, https:\/\/www.tourenschmiede.ch\/wp-content\/uploads\/2026\/03\/612A4154-768x512.jpg 768w, https:\/\/www.tourenschmiede.ch\/wp-content\/uploads\/2026\/03\/612A4154.jpg 1200w\" sizes=\"auto, (max-width: 1024px) 100vw, 1024px\" \/><figcaption class=\"wp-element-caption\">Nr.9<\/figcaption><\/figure>\n<\/figure>\n\n\n\n<p>.<\/p>\n","protected":false},"excerpt":{"rendered":"<p>Mail an mich mit der Nr. des Anh\u00e4ngers, auf Anfrage habe ich nat\u00fcrlich auch noch andere Kristalle. Preis: 57.- pro St\u00fcck inkl. Versand Kordel: Kautschuk oder Baumwollband frei w\u00e4hlbar Alle Kristalle stammen aus den Schweizer&hellip;<\/p>\n","protected":false},"author":2,"featured_media":0,"parent":0,"menu_order":0,"comment_status":"closed","ping_status":"closed","template":"","meta":{"footnotes":""},"class_list":["post-851","page","type-page","status-publish","hentry"],"_links":{"self":[{"href":"https:\/\/www.tourenschmiede.ch\/index.php?rest_route=\/wp\/v2\/pages\/851","targetHints":{"allow":["GET"]}}],"collection":[{"href":"https:\/\/www.tourenschmiede.ch\/index.php?rest_route=\/wp\/v2\/pages"}],"about":[{"href":"https:\/\/www.tourenschmiede.ch\/index.php?rest_route=\/wp\/v2\/types\/page"}],"author":[{"embeddable":true,"href":"https:\/\/www.tourenschmiede.ch\/index.php?rest_route=\/wp\/v2\/users\/2"}],"replies":[{"embeddable":true,"href":"https:\/\/www.tourenschmiede.ch\/index.php?rest_route=%2Fwp%2Fv2%2Fcomments&post=851"}],"version-history":[{"count":10,"href":"https:\/\/www.tourenschmiede.ch\/index.php?rest_route=\/wp\/v2\/pages\/851\/revisions"}],"predecessor-version":[{"id":917,"href":"https:\/\/www.tourenschmiede.ch\/index.php?rest_route=\/wp\/v2\/pages\/851\/revisions\/917"}],"wp:attachment":[{"href":"https:\/\/www.tourenschmiede.ch\/index.php?rest_route=%2Fwp%2Fv2%2Fmedia&parent=851"}],"curies":[{"name":"wp","href":"https:\/\/api.w.org\/{rel}","templated":true}]}}